{"id":8,"date":"2025-08-14T21:06:46","date_gmt":"2025-08-14T21:06:46","guid":{"rendered":"https:\/\/reportes.arceyvargas.com\/?page_id=8"},"modified":"2025-10-26T21:37:36","modified_gmt":"2025-10-26T21:37:36","slug":"geo","status":"publish","type":"page","link":"https:\/\/geomarca.arceyvargas.com\/","title":{"rendered":"Geo Localizaci\u00f3n"},"content":{"rendered":"<div class=\"forminator-ui forminator-custom-form forminator-custom-form-24 forminator-design--default  forminator_ajax\" data-forminator-render=\"0\" data-form=\"forminator-module-24\" data-uid=\"69ea9c01ce48d\"><br\/><\/div><form\r\n\t\t\t\tid=\"forminator-module-24\"\r\n\t\t\t\tclass=\"forminator-ui forminator-custom-form forminator-custom-form-24 forminator-design--default  forminator_ajax\"\r\n\t\t\t\tmethod=\"post\"\r\n\t\t\t\tdata-forminator-render=\"0\"\r\n\t\t\t\tdata-form-id=\"24\"\r\n\t\t\t\t\r\n\t\t\t\tdata-design=\"default\"\r\n\t\t\t\tdata-color-option=\"theme\"\r\n\t\t\t\t\r\n\t\t\t\t\r\n\t\t\t\t\r\n\t\t\t\tdata-grid=\"open\"\r\n\t\t\t\t\r\n\t\t\t\t\r\n\t\t\t\tstyle=\"display: none;\"\r\n\t\t\t\t\r\n\t\t\t\tdata-uid=\"69ea9c01ce48d\"\r\n\t\t\t><div role=\"alert\" aria-live=\"polite\" class=\"forminator-response-message forminator-error\" aria-hidden=\"true\"><\/div><div class=\"forminator-row\"><div id=\"select-1\" class=\"forminator-field-select forminator-col forminator-col-12 \"><div class=\"forminator-field\"><label for=\"forminator-form-24__field--select-1_69ea9c01ce48d\" id=\"forminator-form-24__field--select-1_69ea9c01ce48d-label\" class=\"forminator-label\">Nombre completo:<\/label><select  id=\"forminator-form-24__field--select-1_69ea9c01ce48d\" class=\"forminator-select--field forminator-select2 forminator-select2-multiple\" data-required=\"\" name=\"select-1\" data-default-value=\"\" data-hidden-behavior=\"zero\" data-placeholder=\"\" data-search=\"false\" data-search-placeholder=\"\" data-checkbox=\"false\" data-allow-clear=\"false\" aria-labelledby=\"forminator-form-24__field--select-1_69ea9c01ce48d-label\"><option value=\"one\"  data-calculation=\"0\">Alexander Alberto Cabrera Orozco<\/option><option value=\"two\"  data-calculation=\"0\">Brayan Gonz\u00e1lez L\u00f3pez<\/option><option value=\"Cristhian-Jimenez-Rojas\"  data-calculation=\"0\">Cristhian Jimenez Rojas<\/option><option value=\"Danny-Mora-Chinchilla\"  data-calculation=\"0\">Danny Mora Chinchilla<\/option><option value=\"Edgar-Antonio-Mendez-Ramirez\"  data-calculation=\"0\">Edgar Antonio Mendez Ramirez<\/option><option value=\"Javier-Badilla-Sand\u00ed\"  data-calculation=\"0\">Javier Badilla Sand\u00ed<\/option><option value=\"Jordan-Jimenez-Hernadez\"  data-calculation=\"0\">Jordan Jimenez Hernadez<\/option><option value=\"Jorge-Andr\u00e9s-Granados-Mora\"  data-calculation=\"0\">Jorge Andr\u00e9s Granados Mora<\/option><option value=\"Jorge-Chacon-Gomez\"  data-calculation=\"0\">Jorge Chacon Gomez<\/option><option value=\"Jose-Antonio-Granados-Mora\"  data-calculation=\"0\">Jose Antonio Granados Mora<\/option><option value=\"Jose-Miguel-Mora-Salazar\"  data-calculation=\"0\">Jose Miguel Mora Salazar<\/option><option value=\"Leonardo-Jesus-Mairena-Bermudez\"  data-calculation=\"0\">Leonardo Jesus Mairena Bermudez<\/option><option value=\"Leoncio-Mairena-Cabrera\"  data-calculation=\"0\">Leoncio Mairena Cabrera<\/option><option value=\"Marvin-Israel-Urbina-Rivas\"  data-calculation=\"0\">Marvin Israel Urbina Rivas<\/option><option value=\"Mauricio-Rivera\"  data-calculation=\"0\">Mauricio Rivera<\/option><option value=\"Ricardo-Antonio-Arce-Alvarez\"  data-calculation=\"0\">Ricardo Antonio Arce Alvarez<\/option><option value=\"Ricardo-Antonio-Mendez-Ramirez\"  data-calculation=\"0\">Ricardo Antonio Mendez Ramirez<\/option><option value=\"Rodolfo-Chaverri-Gonz\u00e1lez\"  data-calculation=\"0\">Rodolfo Chaverri Gonz\u00e1lez<\/option><option value=\"Rodrigo-Alberto-Corrales-Chaves\"  data-calculation=\"0\">Rodrigo Alberto Corrales Chaves<\/option><option value=\"Ronald-Mendez-Ramirez\"  data-calculation=\"0\">Ronald Mendez Ramirez<\/option><option value=\"Santiago-Rodr\u00edguez-Chavarr\u00eda\"  data-calculation=\"0\">Santiago Rodr\u00edguez Chavarr\u00eda<\/option><option value=\"Warner-Rodriguez-Chavarria\"  data-calculation=\"0\">Warner Rodriguez Chavarria<\/option><option value=\"Yunnier-Nunez-Arroyo\"  data-calculation=\"0\">Yunnier Nunez Arroyo<\/option><\/select><\/div><\/div><\/div><div class=\"forminator-row\"><div id=\"select-2\" class=\"forminator-field-select forminator-col forminator-col-12 \"><div class=\"forminator-field\"><label for=\"forminator-form-24__field--select-2_69ea9c01ce48d\" id=\"forminator-form-24__field--select-2_69ea9c01ce48d-label\" class=\"forminator-label\">Tipo de Marca:<\/label><select  id=\"forminator-form-24__field--select-2_69ea9c01ce48d\" class=\"forminator-select--field forminator-select2 forminator-select2-multiple\" data-required=\"\" name=\"select-2\" data-default-value=\"\" data-hidden-behavior=\"zero\" data-placeholder=\"\" data-search=\"false\" data-search-placeholder=\"\" data-checkbox=\"false\" data-allow-clear=\"false\" aria-labelledby=\"forminator-form-24__field--select-2_69ea9c01ce48d-label\"><option value=\"one\"  data-calculation=\"0\">Entrada<\/option><option value=\"two\"  data-calculation=\"0\">Salida<\/option><\/select><\/div><\/div><\/div><div class=\"forminator-row\"><div id=\"signature-1\" class=\"forminator-field-signature forminator-col forminator-col-12 \"><div class=\"forminator-field forminator-field-signature\"><label for=\"forminator-field-ctlSignature69ea9c01cfda6\" id=\"forminator-field-ctlSignature69ea9c01cfda6-label\" class=\"forminator-label\">Firma<\/label><div class=\"forminator-signature\" data-elementheight=\"180\"><span id=\"ctlSignature69ea9c01cfda6_placeholder\" class=\"forminator-signature--placeholder\" aria-hidden=\"true\"><\/span><div id=\"ctlSignature69ea9c01cfda6_Container\" class=\"forminator-signature--container\"><canvas id=\"ctlSignature69ea9c01cfda6\" class=\"forminator-signature-canvas\" height=\"180\" tabindex=\"-1\"><p>Your browser does not support e-Signature field.<\/p><\/canvas><\/div><\/div><input type=\"hidden\" name=\"field-signature-1\" value=\"69ea9c01cfda6\" class=\"signature-prefix\"><\/div><\/div><\/div><div class=\"forminator-row\"><div id=\"consent-1\" class=\"forminator-field-consent forminator-col forminator-col-12 \"><div class=\"forminator-field\"><label for=\"forminator-field-consent-1_69ea9c01ce48d\" id=\"forminator-field-consent-1_69ea9c01ce48d-label\" class=\"forminator-label\">Consent <span class=\"forminator-required\">*<\/span><\/label><div class=\"forminator-checkbox__wrapper\"><label id=\"forminator-field-consent-1_69ea9c01ce48d__label\" class=\"forminator-checkbox forminator-consent\" aria-labelledby=\"forminator-field-consent-1_69ea9c01ce48d-label\" aria-hidden=\"true\"><input type=\"checkbox\" name=\"consent-1\" id=\"forminator-field-consent-1_69ea9c01ce48d\" value=\"checked\" aria-labelledby=\"forminator-field-consent-1_69ea9c01ce48d-label\" aria-describedby=\"forminator-field-consent-1_69ea9c01ce48d__description\" data-required=\"true\" aria-required=\"true\" \/><span class=\"forminator-checkbox-box\" aria-hidden=\"true\"><\/span><\/label><div id=\"forminator-field-consent-1_69ea9c01ce48d__description\" class=\"forminator-checkbox__label forminator-consent__label\"><p>Si, Confirmo que la informaci\u00f3n que proporciono es veraz y completa. Entiendo que, de descubrirse falsedad o informaci\u00f3n incorrecta, podr\u00eda enfrentar medidas disciplinarias o administrativas seg\u00fan las pol\u00edticas de la empresa.<\/p><\/div><\/div><\/div><\/div><\/div><div class=\"forminator-row forminator-hidden\"><input type=\"hidden\" id=\"hidden-5_69ea9c01ce48d\" name=\"hidden-5\" value=\"216.73.216.50\" \/><\/div><div class=\"forminator-row forminator-hidden\"><input type=\"hidden\" id=\"hidden-4_69ea9c01ce48d\" name=\"hidden-4\" value=\"Mozilla\/5.0 AppleWebKit\/537.36 (KHTML, like Gecko; compatible; ClaudeBot\/1.0; +claudebot@anthropic.com)\" \/><\/div><div class=\"forminator-row forminator-hidden\"><input type=\"hidden\" id=\"hidden-6_69ea9c01ce48d\" name=\"hidden-6\" value=\"10:24:01 pm, GMT+0000\" \/><\/div><div class=\"forminator-row forminator-hidden\"><input type=\"hidden\" id=\"hidden-7_69ea9c01ce48d\" name=\"hidden-7\" value=\"\" \/><\/div><div class=\"forminator-row forminator-hidden\"><input type=\"hidden\" id=\"hidden-8_69ea9c01ce48d\" name=\"hidden-8\" value=\"\" \/><\/div><div class=\"forminator-row\"><div id=\"html-1\" class=\"forminator-field-html forminator-col forminator-col-12  geo\"><div class=\"forminator-field forminator-merge-tags\" data-field=\"html-1\"><label class=\"forminator-label\">geo<\/label><div id=\"geo-hora-sistema\">\n  \n  <div style=\"padding: 12px;margin: 10px 0;border-radius: 5px;background: #fff3cd;color: #856404;border: 1px solid #ffeaa7;font-weight: bold\" id=\"estado-geo\">\n    \ud83d\udccd Obteniendo ubicaci\u00f3n y hora de Costa Rica...\n  <\/div>\n<\/div><\/div><\/div><\/div><input type=\"hidden\" name=\"referer_url\" value=\"\" \/><div class=\"forminator-row forminator-row-last\"><div class=\"forminator-col\"><div class=\"forminator-field\"><button class=\"forminator-button forminator-button-submit\">Enviar Geo-posici&oacute;n<\/button><\/div><\/div><\/div><input type=\"hidden\" id=\"forminator_nonce\" name=\"forminator_nonce\" value=\"26bce50cf7\" \/><input type=\"hidden\" name=\"_wp_http_referer\" value=\"\/index.php\/wp-json\/wp\/v2\/pages\/8\" \/><input type=\"hidden\" name=\"form_id\" value=\"24\"><input type=\"hidden\" name=\"page_id\" value=\"8\"><input type=\"hidden\" name=\"form_type\" value=\"default\"><input type=\"hidden\" name=\"current_url\" value=\"https:\/\/geomarca.arceyvargas.com\/\"><input type=\"hidden\" name=\"render_id\" value=\"0\"><input type=\"hidden\" name=\"action\" value=\"forminator_submit_form_custom-forms\"><\/form>\n\n\n\n<script>\n\/\/ Funci\u00f3n para obtener ubicaci\u00f3n\nfunction rellenarUbicacionForm() {\n    if(navigator.geolocation) {\n        navigator.geolocation.getCurrentPosition(function(pos){\n            const lat = pos.coords.latitude.toFixed(6);\n            const lon = pos.coords.longitude.toFixed(6);\n            \/\/ Llenar campos ocultos\n            const latField = document.querySelector('input[name=\"latitud\"]');\n            const lonField = document.querySelector('input[name=\"longitud\"]');\n            if(latField) latField.value = lat;\n            if(lonField) lonField.value = lon;\n        }, function(err){\n            console.warn('Error al obtener geolocalizaci\u00f3n: ', err);\n        });\n    }\n}\n\n\/\/ Funci\u00f3n para obtener IP usando servicio externo\nfunction rellenarIPForm() {\n    fetch('https:\/\/api.ipify.org?format=json')\n    .then(response => response.json())\n    .then(data => {\n        const ipField = document.querySelector('input[name=\"ip_usuario\"]');\n        if(ipField) ipField.value = data.ip;\n    })\n    .catch(err => console.warn('Error al obtener IP: ', err));\n}\n\n\/\/ Ejecutar al cargar la p\u00e1gina\ndocument.addEventListener('DOMContentLoaded', function(){\n    rellenarUbicacionForm();\n    rellenarIPForm();\n});\n<\/script>\n\n","protected":false},"excerpt":{"rendered":"","protected":false},"author":1,"featured_media":0,"parent":0,"menu_order":0,"comment_status":"closed","ping_status":"closed","template":"","meta":{"footnotes":""},"class_list":["post-8","page","type-page","status-publish","hentry"],"_links":{"self":[{"href":"https:\/\/geomarca.arceyvargas.com\/index.php\/wp-json\/wp\/v2\/pages\/8","targetHints":{"allow":["GET"]}}],"collection":[{"href":"https:\/\/geomarca.arceyvargas.com\/index.php\/wp-json\/wp\/v2\/pages"}],"about":[{"href":"https:\/\/geomarca.arceyvargas.com\/index.php\/wp-json\/wp\/v2\/types\/page"}],"author":[{"embeddable":true,"href":"https:\/\/geomarca.arceyvargas.com\/index.php\/wp-json\/wp\/v2\/users\/1"}],"replies":[{"embeddable":true,"href":"https:\/\/geomarca.arceyvargas.com\/index.php\/wp-json\/wp\/v2\/comments?post=8"}],"version-history":[{"count":9,"href":"https:\/\/geomarca.arceyvargas.com\/index.php\/wp-json\/wp\/v2\/pages\/8\/revisions"}],"predecessor-version":[{"id":44,"href":"https:\/\/geomarca.arceyvargas.com\/index.php\/wp-json\/wp\/v2\/pages\/8\/revisions\/44"}],"wp:attachment":[{"href":"https:\/\/geomarca.arceyvargas.com\/index.php\/wp-json\/wp\/v2\/media?parent=8"}],"curies":[{"name":"wp","href":"https:\/\/api.w.org\/{rel}","templated":true}]}}